{"id":36,"date":"2017-02-25T18:35:16","date_gmt":"2017-02-25T17:35:16","guid":{"rendered":"http:\/\/alisalingerie.com\/hr\/?page_id=36"},"modified":"2017-02-25T18:35:16","modified_gmt":"2017-02-25T17:35:16","slug":"tabela-velicina","status":"publish","type":"page","link":"https:\/\/alisalingerie.com\/hr\/tabela-velicina\/","title":{"rendered":"Tabela veli\u010dina"},"content":{"rendered":"<table border=\"0\" width=\"100%\">\n<tbody>\n<tr>\n<td width=\"70%\">\n<p style=\"text-align: center;\"><strong>Grudnjaci<br \/>\n<\/strong><br \/>\n<img fetchpriority=\"high\" decoding=\"async\" class=\"aligncenter wp-image-318 size-full\" src=\"http:\/\/alisalingerie.com\/wp-content\/uploads\/2017\/01\/sizes1-1.png\" width=\"498\" height=\"299\" \/><\/p>\n<p style=\"text-align: center;\"><strong>Ga\u0107ice, podko\u0161ulje, pojasi&#8230;<br \/>\n<\/strong><\/p>\n<p><img decoding=\"async\" class=\"aligncenter wp-image-319 size-full\" src=\"http:\/\/alisalingerie.com\/wp-content\/uploads\/2017\/01\/sizes.png\" width=\"500\" height=\"193\" \/><\/p>\n<p style=\"text-align: center;\"><a href=\"http:\/\/alisalingerie.com\/hr\/kontakt\">Vi\u0161e informacija<\/a><a href=\"http:\/\/alisalingerie.com\/contact\/\"><br \/>\n<\/a><\/p>\n<\/td>\n<td width=\"30%\">&nbsp;<\/p>\n<p align=\"center\"><img decoding=\"async\" class=\"aligncenter wp-image-347 size-full\" src=\"http:\/\/alisalingerie.com\/wp-content\/uploads\/2017\/01\/Image3_v300.jpg\" width=\"266\" height=\"400\" \/><\/p>\n<\/td>\n<\/tr>\n<\/tbody>\n<\/table>\n","protected":false},"excerpt":{"rendered":"<p>Grudnjaci Ga\u0107ice, podko\u0161ulje, pojasi&#8230; Vi\u0161e informacija &nbsp;<\/p>\n","protected":false},"author":1,"featured_media":0,"parent":0,"menu_order":0,"comment_status":"closed","ping_status":"closed","template":"page-fullwidth.php","meta":{"footnotes":""},"class_list":["post-36","page","type-page","status-publish","hentry"],"_links":{"self":[{"href":"https:\/\/alisalingerie.com\/hr\/wp-json\/wp\/v2\/pages\/36","targetHints":{"allow":["GET"]}}],"collection":[{"href":"https:\/\/alisalingerie.com\/hr\/wp-json\/wp\/v2\/pages"}],"about":[{"href":"https:\/\/alisalingerie.com\/hr\/wp-json\/wp\/v2\/types\/page"}],"author":[{"embeddable":true,"href":"https:\/\/alisalingerie.com\/hr\/wp-json\/wp\/v2\/users\/1"}],"replies":[{"embeddable":true,"href":"https:\/\/alisalingerie.com\/hr\/wp-json\/wp\/v2\/comments?post=36"}],"version-history":[{"count":2,"href":"https:\/\/alisalingerie.com\/hr\/wp-json\/wp\/v2\/pages\/36\/revisions"}],"predecessor-version":[{"id":262,"href":"https:\/\/alisalingerie.com\/hr\/wp-json\/wp\/v2\/pages\/36\/revisions\/262"}],"wp:attachment":[{"href":"https:\/\/alisalingerie.com\/hr\/wp-json\/wp\/v2\/media?parent=36"}],"curies":[{"name":"wp","href":"https:\/\/api.w.org\/{rel}","templated":true}]}}