{"id":30,"date":"2017-02-25T18:21:56","date_gmt":"2017-02-25T17:21:56","guid":{"rendered":"http:\/\/alisalingerie.com\/hr\/?page_id=30"},"modified":"2017-02-26T11:36:22","modified_gmt":"2017-02-26T10:36:22","slug":"trudnoca","status":"publish","type":"page","link":"https:\/\/alisalingerie.com\/hr\/trudnoca\/","title":{"rendered":"Trudno\u010da"},"content":{"rendered":"<table border=\"0\" width=\"100%\">\n<tbody>\n<tr>\n<td valign=\"middle\" width=\"60%\">Budu\u0107i da se za vrijeme trudno\u0107e oblik tijela mijenja i koza je jako osjetljiva, za trudni\u010dko rublje koristili smo udobne mekane materijale i udobne krojeve koji su prilagodljivi i ne ometaju rast trbuha.<br \/>\nGa\u0107ice veli\u010dine: 38 &#8211; 48<br \/>\nGrudnjaci veli\u010dine: 75 &#8211; 110, ko\u0161arice: B, C, D, E, F, G<br \/>\nPojasi veli\u010dine: 38 &#8211; 48<\/td>\n<td width=\"20%\"><img decoding=\"async\" src=\"http:\/\/alisalingerie.com\/wp-content\/uploads\/2017\/01\/pregnancy.jpg\" width=\"145\" height=\"218\" \/><\/td>\n<td width=\"20%\"><img fetchpriority=\"high\" decoding=\"async\" title=\"sketch pregnancy\" src=\"http:\/\/alisalingerie.com\/wp-content\/uploads\/2017\/01\/sketch_pregnancy.jpg\" alt=\"sketch pregnancy\" width=\"189\" height=\"370\" \/><\/td>\n<\/tr>\n<\/tbody>\n<\/table>\n","protected":false},"excerpt":{"rendered":"<p>Budu\u0107i da se za vrijeme trudno\u0107e oblik tijela mijenja i koza je jako osjetljiva, za trudni\u010dko rublje koristili smo udobne mekane materijale i udobne krojeve koji su prilagodljivi i ne [&hellip;]<\/p>\n","protected":false},"author":1,"featured_media":0,"parent":0,"menu_order":0,"comment_status":"closed","ping_status":"closed","template":"page-left-sidebar.php","meta":{"footnotes":""},"class_list":["post-30","page","type-page","status-publish","hentry"],"_links":{"self":[{"href":"https:\/\/alisalingerie.com\/hr\/wp-json\/wp\/v2\/pages\/30","targetHints":{"allow":["GET"]}}],"collection":[{"href":"https:\/\/alisalingerie.com\/hr\/wp-json\/wp\/v2\/pages"}],"about":[{"href":"https:\/\/alisalingerie.com\/hr\/wp-json\/wp\/v2\/types\/page"}],"author":[{"embeddable":true,"href":"https:\/\/alisalingerie.com\/hr\/wp-json\/wp\/v2\/users\/1"}],"replies":[{"embeddable":true,"href":"https:\/\/alisalingerie.com\/hr\/wp-json\/wp\/v2\/comments?post=30"}],"version-history":[{"count":13,"href":"https:\/\/alisalingerie.com\/hr\/wp-json\/wp\/v2\/pages\/30\/revisions"}],"predecessor-version":[{"id":125,"href":"https:\/\/alisalingerie.com\/hr\/wp-json\/wp\/v2\/pages\/30\/revisions\/125"}],"wp:attachment":[{"href":"https:\/\/alisalingerie.com\/hr\/wp-json\/wp\/v2\/media?parent=30"}],"curies":[{"name":"wp","href":"https:\/\/api.w.org\/{rel}","templated":true}]}}