{"id":26,"date":"2017-02-25T17:46:31","date_gmt":"2017-02-25T16:46:31","guid":{"rendered":"http:\/\/alisalingerie.com\/hr\/?page_id=26"},"modified":"2017-02-25T17:47:15","modified_gmt":"2017-02-25T16:47:15","slug":"veci-brojevi","status":"publish","type":"page","link":"https:\/\/alisalingerie.com\/hr\/veci-brojevi\/","title":{"rendered":"Ve\u010di brojevi"},"content":{"rendered":"<table border=\"0\" width=\"100%\">\n<tbody>\n<tr>\n<td width=\"50%\">Grudnjaci za ve\u0107e veli\u010dine izra\u0111eni su od ja\u010dih materijala i dodatno su oja\u010dani\u00a0te\u00a0imaju udobne \u0161iroke pjenom oblozene naramenice.<br \/>\nGrudnjaci veli\u010dine: 75 &#8211; 115, ko\u0161arice: D, E, F, G, H<br \/>\nGa\u0107ice veli\u010dine: 40 \u2013 56<br \/>\nBodiji veli\u010dine: 42 &#8211; 52<\/td>\n<td width=\"20%\">\u00a0<img fetchpriority=\"high\" decoding=\"async\" class=\"aligncenter wp-image-420 size-full\" src=\"http:\/\/alisalingerie.com\/wp-content\/uploads\/2017\/01\/plus_sizes.jpg\" alt=\"plus sizes\" width=\"239\" height=\"300\" \/><\/td>\n<td width=\"30%\">\u00a0<img decoding=\"async\" class=\"aligncenter wp-image-419 size-full\" title=\"sketch plussizes\" src=\"http:\/\/alisalingerie.com\/wp-content\/uploads\/2017\/01\/sketch_plussizes.png\" alt=\"sketch plussizes\" width=\"245\" height=\"400\" \/><\/td>\n<\/tr>\n<\/tbody>\n<\/table>\n","protected":false},"excerpt":{"rendered":"<p>Grudnjaci za ve\u0107e veli\u010dine izra\u0111eni su od ja\u010dih materijala i dodatno su oja\u010dani\u00a0te\u00a0imaju udobne \u0161iroke pjenom oblozene naramenice. Grudnjaci veli\u010dine: 75 &#8211; 115, ko\u0161arice: D, E, F, G, H Ga\u0107ice [&hellip;]<\/p>\n","protected":false},"author":1,"featured_media":0,"parent":0,"menu_order":0,"comment_status":"closed","ping_status":"closed","template":"page-left-sidebar.php","meta":{"footnotes":""},"class_list":["post-26","page","type-page","status-publish","hentry"],"_links":{"self":[{"href":"https:\/\/alisalingerie.com\/hr\/wp-json\/wp\/v2\/pages\/26","targetHints":{"allow":["GET"]}}],"collection":[{"href":"https:\/\/alisalingerie.com\/hr\/wp-json\/wp\/v2\/pages"}],"about":[{"href":"https:\/\/alisalingerie.com\/hr\/wp-json\/wp\/v2\/types\/page"}],"author":[{"embeddable":true,"href":"https:\/\/alisalingerie.com\/hr\/wp-json\/wp\/v2\/users\/1"}],"replies":[{"embeddable":true,"href":"https:\/\/alisalingerie.com\/hr\/wp-json\/wp\/v2\/comments?post=26"}],"version-history":[{"count":1,"href":"https:\/\/alisalingerie.com\/hr\/wp-json\/wp\/v2\/pages\/26\/revisions"}],"predecessor-version":[{"id":27,"href":"https:\/\/alisalingerie.com\/hr\/wp-json\/wp\/v2\/pages\/26\/revisions\/27"}],"wp:attachment":[{"href":"https:\/\/alisalingerie.com\/hr\/wp-json\/wp\/v2\/media?parent=26"}],"curies":[{"name":"wp","href":"https:\/\/api.w.org\/{rel}","templated":true}]}}