{"id":24,"date":"2017-02-25T17:42:52","date_gmt":"2017-02-25T16:42:52","guid":{"rendered":"http:\/\/alisalingerie.com\/hr\/?page_id=24"},"modified":"2022-12-14T16:34:30","modified_gmt":"2022-12-14T15:34:30","slug":"stoma","status":"publish","type":"page","link":"https:\/\/alisalingerie.com\/hr\/stoma\/","title":{"rendered":"Stoma"},"content":{"rendered":"<table border=\"0\" width=\"100%\">\n<tbody>\n<tr>\n<td width=\"70%\">\n<div class=\"smPagesParagraph\">20 godina iskustva u izradi donjeg rublja omogu\u0107uje nam izradu sofisticiranih kolekcija rublja za posebne namjene.<\/div>\n<div class=\"smPagesParagraph\"><\/div>\n<div class=\"smPagesParagraph\">Modeli su prilago\u0111eni za osobe sa stomom, malo su vi\u0161i i imaju u\u0161iven\u00a0dzepi\u0107 za vre\u0107icu. Dzepi\u0107 sprje\u010dava dodir vre\u0107ice s kozom i time spre\u010dava\u00a0upalu koze, koja nastaje ispod vre\u0107ice. Kolekcija pokriva klasi\u010dne modele za svaki dan te sofisticirane \u010dipkaste, koji diskretno skrivaju vre\u0107icu i\u00a0za intimne trenutke.<\/div>\n<div class=\"smPagesParagraph\">\n<p><a href=\"https:\/\/alisalingerie.com\/hr\/wp-content\/uploads\/sites\/3\/2019\/08\/ostomy_pocket.jpg\"><img decoding=\"async\" class=\"size-medium wp-image-198 aligncenter\" src=\"https:\/\/alisalingerie.com\/hr\/wp-content\/uploads\/sites\/3\/2019\/08\/ostomy_pocket-300x69.jpg\" alt=\"\" width=\"300\" height=\"69\" srcset=\"https:\/\/alisalingerie.com\/hr\/wp-content\/uploads\/sites\/3\/2019\/08\/ostomy_pocket-300x69.jpg 300w, https:\/\/alisalingerie.com\/hr\/wp-content\/uploads\/sites\/3\/2019\/08\/ostomy_pocket-768x177.jpg 768w, https:\/\/alisalingerie.com\/hr\/wp-content\/uploads\/sites\/3\/2019\/08\/ostomy_pocket-1024x236.jpg 1024w, https:\/\/alisalingerie.com\/hr\/wp-content\/uploads\/sites\/3\/2019\/08\/ostomy_pocket-24x6.jpg 24w, https:\/\/alisalingerie.com\/hr\/wp-content\/uploads\/sites\/3\/2019\/08\/ostomy_pocket-36x8.jpg 36w, https:\/\/alisalingerie.com\/hr\/wp-content\/uploads\/sites\/3\/2019\/08\/ostomy_pocket-48x11.jpg 48w, https:\/\/alisalingerie.com\/hr\/wp-content\/uploads\/sites\/3\/2019\/08\/ostomy_pocket.jpg 1191w\" sizes=\"(max-width: 300px) 100vw, 300px\" \/><\/a><\/p>\n<p><iframe title=\"ostomy underwear\" width=\"640\" height=\"360\" src=\"https:\/\/www.youtube.com\/embed\/EqZNWaQFFYY?feature=oembed\" frameborder=\"0\" allow=\"accelerometer; autoplay; clipboard-write; encrypted-media; gyroscope; picture-in-picture; web-share\" referrerpolicy=\"strict-origin-when-cross-origin\" allowfullscreen><\/iframe><\/p>\n<\/div>\n<\/td>\n<td width=\"30%\">\u00a0<img fetchpriority=\"high\" decoding=\"async\" class=\"aligncenter wp-image-427 \" title=\"ostomy underwear\" src=\"http:\/\/alisalingerie.com\/wp-content\/uploads\/2017\/01\/scetch_ostomy_1.png\" alt=\"ostomy underwear\" width=\"149\" height=\"339\" \/><\/td>\n<\/tr>\n<\/tbody>\n<\/table>\n<p>[product-catalogue id=&#8217;1&#8242; excluded_layouts=&#8217;Thumbnail,List&#8217;]<\/p>\n","protected":false},"excerpt":{"rendered":"<p>20 godina iskustva u izradi donjeg rublja omogu\u0107uje nam izradu sofisticiranih kolekcija rublja za posebne namjene. Modeli su prilago\u0111eni za osobe sa stomom, malo su vi\u0161i i imaju u\u0161iven\u00a0dzepi\u0107 za [&hellip;]<\/p>\n","protected":false},"author":1,"featured_media":0,"parent":0,"menu_order":0,"comment_status":"closed","ping_status":"closed","template":"page-left-sidebar.php","meta":{"footnotes":""},"class_list":["post-24","page","type-page","status-publish","hentry"],"_links":{"self":[{"href":"https:\/\/alisalingerie.com\/hr\/wp-json\/wp\/v2\/pages\/24","targetHints":{"allow":["GET"]}}],"collection":[{"href":"https:\/\/alisalingerie.com\/hr\/wp-json\/wp\/v2\/pages"}],"about":[{"href":"https:\/\/alisalingerie.com\/hr\/wp-json\/wp\/v2\/types\/page"}],"author":[{"embeddable":true,"href":"https:\/\/alisalingerie.com\/hr\/wp-json\/wp\/v2\/users\/1"}],"replies":[{"embeddable":true,"href":"https:\/\/alisalingerie.com\/hr\/wp-json\/wp\/v2\/comments?post=24"}],"version-history":[{"count":25,"href":"https:\/\/alisalingerie.com\/hr\/wp-json\/wp\/v2\/pages\/24\/revisions"}],"predecessor-version":[{"id":272,"href":"https:\/\/alisalingerie.com\/hr\/wp-json\/wp\/v2\/pages\/24\/revisions\/272"}],"wp:attachment":[{"href":"https:\/\/alisalingerie.com\/hr\/wp-json\/wp\/v2\/media?parent=24"}],"curies":[{"name":"wp","href":"https:\/\/api.w.org\/{rel}","templated":true}]}}