{"id":12,"date":"2017-02-25T14:49:09","date_gmt":"2017-02-25T14:49:09","guid":{"rendered":"http:\/\/alisalingerie.com\/hr\/?page_id=12"},"modified":"2022-12-14T17:24:57","modified_gmt":"2022-12-14T16:24:57","slug":"grudnjaki-za-dojenje","status":"publish","type":"page","link":"https:\/\/alisalingerie.com\/hr\/grudnjaki-za-dojenje\/","title":{"rendered":"Dojenje"},"content":{"rendered":"<table border=\"0\" width=\"100%\">\n<tbody>\n<tr>\n<td width=\"70%\">\n<div class=\"smPagesParagraph\"><strong>Grudnjaci i podko\u0161ulje za dojenje<\/strong><br \/>\nZa vrijeme dojenja grudi su jo\u0161 uvijek jako osjetljive i zato je vrlo vazno da je grudnjak udoban. Budu\u0107i da se veli\u010dina grudi mijenja, ko\u0161arice moraju mekane i fleksibilne kako bi se u svakom trenutku prilagodile grudima i dale im dovoljno potpore, a ujedno kako ih ne bi pritiskale.<br \/>\nNajbolje je kupiti grudnjak tek dva do tri tjedna prije termina poroda.<br \/>\nGrudnjaci su izra\u0111eni od materijala koji ispunjavaju visoke ekolo\u0161ke standarde OEKO-TEX.<\/div>\n<div class=\"smPagesParagraph\">Grudnjaci za dojenje<em>, veli\u010dine: 75 &#8211; 100, ko\u0161arice: A, B, C, D, E, F, G<br \/>\n<\/em>potko\u0161ulje, <em>veli\u010dine: 38 &#8211; 50<br \/>\n<\/em>Ga\u0107ice za rodilje, veli\u010dine: 36 \u2013 50<\/div>\n<div class=\"smPagesParagraph\">\n<\/div>\n<\/td>\n<td width=\"30%\">\u00a0<img fetchpriority=\"high\" decoding=\"async\" class=\"aligncenter wp-image-417 size-full\" title=\"donje ublje za dojenje\" src=\"http:\/\/alisalingerie.com\/wp-content\/uploads\/2017\/01\/sketch_breastfeeding.png\" alt=\"dojenje\" width=\"234\" height=\"400\" \/><\/td>\n<\/tr>\n<\/tbody>\n<\/table>\n<p>[product-catalogue id=&#8217;2&#8242; excluded_layouts=&#8217;Thumbnail,List&#8217;]<\/p>\n","protected":false},"excerpt":{"rendered":"<p>Grudnjaci i podko\u0161ulje za dojenje Za vrijeme dojenja grudi su jo\u0161 uvijek jako osjetljive i zato je vrlo vazno da je grudnjak udoban. Budu\u0107i da se veli\u010dina grudi mijenja, ko\u0161arice [&hellip;]<\/p>\n","protected":false},"author":1,"featured_media":0,"parent":0,"menu_order":0,"comment_status":"closed","ping_status":"closed","template":"page-left-sidebar.php","meta":{"footnotes":""},"class_list":["post-12","page","type-page","status-publish","hentry"],"_links":{"self":[{"href":"https:\/\/alisalingerie.com\/hr\/wp-json\/wp\/v2\/pages\/12","targetHints":{"allow":["GET"]}}],"collection":[{"href":"https:\/\/alisalingerie.com\/hr\/wp-json\/wp\/v2\/pages"}],"about":[{"href":"https:\/\/alisalingerie.com\/hr\/wp-json\/wp\/v2\/types\/page"}],"author":[{"embeddable":true,"href":"https:\/\/alisalingerie.com\/hr\/wp-json\/wp\/v2\/users\/1"}],"replies":[{"embeddable":true,"href":"https:\/\/alisalingerie.com\/hr\/wp-json\/wp\/v2\/comments?post=12"}],"version-history":[{"count":12,"href":"https:\/\/alisalingerie.com\/hr\/wp-json\/wp\/v2\/pages\/12\/revisions"}],"predecessor-version":[{"id":274,"href":"https:\/\/alisalingerie.com\/hr\/wp-json\/wp\/v2\/pages\/12\/revisions\/274"}],"wp:attachment":[{"href":"https:\/\/alisalingerie.com\/hr\/wp-json\/wp\/v2\/media?parent=12"}],"curies":[{"name":"wp","href":"https:\/\/api.w.org\/{rel}","templated":true}]}}