{"id":10,"date":"2017-02-25T14:43:27","date_gmt":"2017-02-25T14:43:27","guid":{"rendered":"http:\/\/alisalingerie.com\/hr\/?page_id=10"},"modified":"2017-02-26T09:26:47","modified_gmt":"2017-02-26T08:26:47","slug":"o-nama","status":"publish","type":"page","link":"https:\/\/alisalingerie.com\/hr\/o-nama\/","title":{"rendered":"O nama"},"content":{"rendered":"<table border=\"0\" width=\"100%\">\n<tbody>\n<tr>\n<td width=\"70%\">\n<div class=\"aut abs\">\n<div class=\"smPagesParagraph\"><strong>ALISA donje rublje<br \/>\n<\/strong><\/div>\n<\/div>\n<div class=\"aut abs\">Brand\u00a0Alisa osnovan je 1992. godine. Pri osnivanju cilj nam je bio izrada kvalitetnog donjeg rublja po mjeri i za manje ciljne grupe. Svih ovih godina uspjelo nam je zadrzati visoku kvalitetu proizvoda izra\u0111enih od kvalitetnih materijala vode\u0107ih europskih proizvo\u0111a\u010da, koji ispunjavaju visoke ekolo\u0161ke standarde. Kroz godine smo stekli puno iskustva, \u0161to i potvr\u0111uju proizvodi koji su udobni te dizajnerski i estetski usavr\u0161eni.<br \/>\nAlisa je danas najve\u010di proizvo\u0111a\u010d donjeg rublja za trudnice i rodilje u Sloveniji.<br \/>\nSvi su proizvodi proizvedeni u EU.<\/p>\n<div class=\"smPagesParagraph\"><\/div>\n<\/div>\n<table border=\"1\" width=\"100%\">\n<tbody>\n<tr>\n<td width=\"30%\">\u00a0<img decoding=\"async\" class=\"aligncenter size-thumbnail wp-image-272\" src=\"http:\/\/alisalingerie.com\/wp-content\/uploads\/2017\/01\/index-150x150.jpeg\" alt=\"\" width=\"150\" height=\"150\" \/><\/td>\n<td width=\"70%\"><strong>Alenka Stopar <\/strong>modni dizajner<strong><br \/>\n<\/strong><\/p>\n<p>Ro\u0111ena u obitelji tekstilaca, Alenka Stopar je u djetinjstvu zavoljela tkanine, stekla je obrazovanje u modnom dizajnu, a 1992. godine dizajnirala je prvu kolekciju donjeg rublja sa svojom robnom markom Alisa. Specijalizirala se u izradi rublja po mjeri i za posebne svrhe.<\/td>\n<\/tr>\n<\/tbody>\n<\/table>\n<\/td>\n<td width=\"30%\">\u00a0<img fetchpriority=\"high\" decoding=\"async\" class=\"aligncenter wp-image-349 size-full\" src=\"http:\/\/alisalingerie.com\/wp-content\/uploads\/2017\/01\/sketch_lingerie.jpg\" width=\"236\" height=\"400\" \/><\/td>\n<\/tr>\n<\/tbody>\n<\/table>\n","protected":false},"excerpt":{"rendered":"<p>ALISA donje rublje Brand\u00a0Alisa osnovan je 1992. godine. Pri osnivanju cilj nam je bio izrada kvalitetnog donjeg rublja po mjeri i za manje ciljne grupe. Svih ovih godina uspjelo nam [&hellip;]<\/p>\n","protected":false},"author":1,"featured_media":0,"parent":0,"menu_order":0,"comment_status":"closed","ping_status":"closed","template":"page-fullwidth.php","meta":{"footnotes":""},"class_list":["post-10","page","type-page","status-publish","hentry"],"_links":{"self":[{"href":"https:\/\/alisalingerie.com\/hr\/wp-json\/wp\/v2\/pages\/10","targetHints":{"allow":["GET"]}}],"collection":[{"href":"https:\/\/alisalingerie.com\/hr\/wp-json\/wp\/v2\/pages"}],"about":[{"href":"https:\/\/alisalingerie.com\/hr\/wp-json\/wp\/v2\/types\/page"}],"author":[{"embeddable":true,"href":"https:\/\/alisalingerie.com\/hr\/wp-json\/wp\/v2\/users\/1"}],"replies":[{"embeddable":true,"href":"https:\/\/alisalingerie.com\/hr\/wp-json\/wp\/v2\/comments?post=10"}],"version-history":[{"count":2,"href":"https:\/\/alisalingerie.com\/hr\/wp-json\/wp\/v2\/pages\/10\/revisions"}],"predecessor-version":[{"id":101,"href":"https:\/\/alisalingerie.com\/hr\/wp-json\/wp\/v2\/pages\/10\/revisions\/101"}],"wp:attachment":[{"href":"https:\/\/alisalingerie.com\/hr\/wp-json\/wp\/v2\/media?parent=10"}],"curies":[{"name":"wp","href":"https:\/\/api.w.org\/{rel}","templated":true}]}}