{"id":9,"date":"2017-01-15T18:35:31","date_gmt":"2017-01-15T18:35:31","guid":{"rendered":"http:\/\/alisalingerie.com\/?page_id=2"},"modified":"2017-01-31T20:30:39","modified_gmt":"2017-01-31T20:30:39","slug":"produkte","status":"publish","type":"page","link":"https:\/\/alisalingerie.com\/de\/produkte\/","title":{"rendered":"Produkte"},"content":{"rendered":"<table border=\"0\" width=\"100%\">\n<tbody>\n<tr>\n<td width=\"70%\">\n<h3 style=\"text-align: center;\"><strong><a href=\"http:\/\/alisalingerie.com\/de\/stoma\/\">Stoma<br \/>\n<\/a><\/strong><strong><a href=\"http:\/\/alisalingerie.com\/de\/mastektomie\/\">Mastektomie<\/a><\/strong><br \/>\n<strong> <a href=\"http:\/\/alisalingerie.com\/de\/schwangerschaft\/\">Schwangerschaft<\/a><\/strong><br \/>\n<strong> <a href=\"http:\/\/alisalingerie.com\/de\/stillen\/\">Stillen<\/a><\/strong><br \/>\n<strong> <a href=\"http:\/\/alisalingerie.com\/de\/xxl_grose\/\">XXL Gr\u00f6\u00dfe<\/a><\/strong><br \/>\n<strong> <a href=\"http:\/\/alisalingerie.com\/de\/baumwolle\/\">Baumwolle<\/a><\/strong><br \/>\n<strong> <a href=\"http:\/\/alisalingerie.com\/de\/exklusiv\/\">Exklusiv<\/a><\/strong><br \/>\n<strong> <a href=\"http:\/\/alisalingerie.com\/de\/figurruckbildung\/\">Figurr\u00fcckbildung<\/a><\/strong><\/h3>\n<\/td>\n<td width=\"30%\">\u00a0 <img fetchpriority=\"high\" decoding=\"async\" class=\"wp-image-364 size-full alignleft\" src=\"http:\/\/alisalingerie.com\/wp-content\/uploads\/2017\/01\/scetch_fashion.png\" width=\"199\" height=\"400\" \/><\/td>\n<\/tr>\n<\/tbody>\n<\/table>\n","protected":false},"excerpt":{"rendered":"<p>Stoma Mastektomie Schwangerschaft Stillen XXL Gr\u00f6\u00dfe Baumwolle Exklusiv Figurr\u00fcckbildung \u00a0<\/p>\n","protected":false},"author":1,"featured_media":0,"parent":0,"menu_order":0,"comment_status":"closed","ping_status":"closed","template":"page-fullwidth.php","meta":{"footnotes":""},"class_list":["post-9","page","type-page","status-publish","hentry"],"_links":{"self":[{"href":"https:\/\/alisalingerie.com\/de\/wp-json\/wp\/v2\/pages\/9","targetHints":{"allow":["GET"]}}],"collection":[{"href":"https:\/\/alisalingerie.com\/de\/wp-json\/wp\/v2\/pages"}],"about":[{"href":"https:\/\/alisalingerie.com\/de\/wp-json\/wp\/v2\/types\/page"}],"author":[{"embeddable":true,"href":"https:\/\/alisalingerie.com\/de\/wp-json\/wp\/v2\/users\/1"}],"replies":[{"embeddable":true,"href":"https:\/\/alisalingerie.com\/de\/wp-json\/wp\/v2\/comments?post=9"}],"version-history":[{"count":3,"href":"https:\/\/alisalingerie.com\/de\/wp-json\/wp\/v2\/pages\/9\/revisions"}],"predecessor-version":[{"id":419,"href":"https:\/\/alisalingerie.com\/de\/wp-json\/wp\/v2\/pages\/9\/revisions\/419"}],"wp:attachment":[{"href":"https:\/\/alisalingerie.com\/de\/wp-json\/wp\/v2\/media?parent=9"}],"curies":[{"name":"wp","href":"https:\/\/api.w.org\/{rel}","templated":true}]}}