{"id":22,"date":"2017-01-15T20:56:37","date_gmt":"2017-01-15T20:56:37","guid":{"rendered":"http:\/\/alisalingerie.com\/?page_id=22"},"modified":"2017-01-31T18:40:03","modified_gmt":"2017-01-31T18:40:03","slug":"uber_uns","status":"publish","type":"page","link":"https:\/\/alisalingerie.com\/de\/uber_uns\/","title":{"rendered":"\u00dcber uns"},"content":{"rendered":"<table border=\"0\" width=\"100%\">\n<tbody>\n<tr>\n<td width=\"70%\"><b><\/b><!-- BEGIN Comm100 Live Chat Button Code --><\/p>\n<div id=\"lays283euhem\">\n<div id=\"text771guklt\" class=\"aut abs\">ALISA Unterw\u00e4sche<br \/>\nDas Unternehmen Alisa wurde im Jahr 1992 gegr\u00fcndet. Schon damals setzten wir uns das Ziel, hochwertige Unterw\u00e4sche nach Ma\u00dfe und f\u00fcr kleinere Zielgruppen anzufertigen. In all diesen Jahren gelang es uns hohe Qualit\u00e4t unserer Produkte aus hochwertigen Materialien leitender europ\u00e4ischen Hersteller, die hohe \u00d6KO-Standards erf\u00fcllen, aufrechtzuerhalten. Durch die Zeit erwarben wir auch zahlreiche Erfahrungen, was wiederum am besten unserer Produkte selbst, die bequem, sowie der Form und \u00c4sthetik nach vollendet sind, best\u00e4tigen. S\u00e4mtliche Produkte werden in EU hergestellt.<\/div>\n<\/div>\n<table border=\"1\" width=\"100%\">\n<tbody>\n<tr>\n<td width=\"30%\">\u00a0<img decoding=\"async\" class=\"aligncenter size-thumbnail wp-image-272\" src=\"http:\/\/alisalingerie.com\/wp-content\/uploads\/2017\/01\/index-150x150.jpeg\" alt=\"\" width=\"150\" height=\"150\" \/><\/td>\n<td width=\"70%\"><strong>Alenka Stopar Modedesigner<\/strong><\/p>\n<p>Alenka Stopar wurde in einer Textillienfamilie eingeboren und schon ziemlich fr\u00fch wachsten ihr die Stoffe an das Herz. Sie machte eine Ausbildung f\u00fcr Modekreationen und entwarf im Jahre 1992 ihre erste Unterw\u00e4sche-Kollektion unter der eigenen Warenmarke Alisa. Sie spezialisierte sich f\u00fcr die Anfertigung der Unterw\u00e4sche nach Ma\u00dfe und f\u00fcr besondere Zwecke.<\/td>\n<\/tr>\n<\/tbody>\n<\/table>\n<\/td>\n<td width=\"30%\">\u00a0<img fetchpriority=\"high\" decoding=\"async\" class=\"aligncenter wp-image-349 size-full\" src=\"http:\/\/alisalingerie.com\/wp-content\/uploads\/2017\/01\/sketch_lingerie.jpg\" width=\"236\" height=\"400\" \/><\/td>\n<\/tr>\n<\/tbody>\n<\/table>\n<p>&nbsp;<\/p>\n","protected":false},"excerpt":{"rendered":"<p>ALISA Unterw\u00e4sche Das Unternehmen Alisa wurde im Jahr 1992 gegr\u00fcndet. Schon damals setzten wir uns das Ziel, hochwertige Unterw\u00e4sche nach Ma\u00dfe und f\u00fcr kleinere Zielgruppen anzufertigen. In all diesen Jahren [&hellip;]<\/p>\n","protected":false},"author":1,"featured_media":0,"parent":0,"menu_order":0,"comment_status":"closed","ping_status":"closed","template":"page-fullwidth.php","meta":{"footnotes":""},"class_list":["post-22","page","type-page","status-publish","hentry"],"_links":{"self":[{"href":"https:\/\/alisalingerie.com\/de\/wp-json\/wp\/v2\/pages\/22","targetHints":{"allow":["GET"]}}],"collection":[{"href":"https:\/\/alisalingerie.com\/de\/wp-json\/wp\/v2\/pages"}],"about":[{"href":"https:\/\/alisalingerie.com\/de\/wp-json\/wp\/v2\/types\/page"}],"author":[{"embeddable":true,"href":"https:\/\/alisalingerie.com\/de\/wp-json\/wp\/v2\/users\/1"}],"replies":[{"embeddable":true,"href":"https:\/\/alisalingerie.com\/de\/wp-json\/wp\/v2\/comments?post=22"}],"version-history":[{"count":3,"href":"https:\/\/alisalingerie.com\/de\/wp-json\/wp\/v2\/pages\/22\/revisions"}],"predecessor-version":[{"id":392,"href":"https:\/\/alisalingerie.com\/de\/wp-json\/wp\/v2\/pages\/22\/revisions\/392"}],"wp:attachment":[{"href":"https:\/\/alisalingerie.com\/de\/wp-json\/wp\/v2\/media?parent=22"}],"curies":[{"name":"wp","href":"https:\/\/api.w.org\/{rel}","templated":true}]}}