{"id":204,"date":"2017-01-17T19:10:31","date_gmt":"2017-01-17T19:10:31","guid":{"rendered":"http:\/\/alisalingerie.com\/?page_id=204"},"modified":"2017-01-31T19:29:40","modified_gmt":"2017-01-31T19:29:40","slug":"exklusiv","status":"publish","type":"page","link":"https:\/\/alisalingerie.com\/de\/exklusiv\/","title":{"rendered":"Exklusiv"},"content":{"rendered":"<table border=\"0\" width=\"100%\">\n<tbody>\n<tr>\n<td width=\"50%\"><strong>Lingerie mit handgefertigten Idrian Lace<br \/>\n<\/strong>Die grundlegende Inspiration f\u00fcr die Unterw\u00e4sche-Kollektion ist die Liebe\u2026Eine Lebenskraft, die die Welt bewegt\u2026 Leidenschaft, Vitalit\u00e4t, Blick in die Zukunft,<br \/>\nRot vom Cinnabarit, was fr\u00fcher diesen Orten das t\u00e4gliche Brot, Fortschrift, \u2026 gab.<br \/>\nGrau, Quecksilberfarbe, Farbe der Verg\u00e4nglichkeit \u2026<br \/>\nUnd die sanfte Champagnerfarbe der d\u00fcnnen Spitzenfaden aus Baumwolle, bedeutet vom Stamm zu Stamm neue Anf\u00e4nge, die aus Liebe zum Sch\u00f6nen unter flinken H\u00e4nden der Kl\u00f6pplerinnen angefertigt werden.<\/p>\n<table border=\"0\">\n<tbody>\n<tr valign=\"top\">\n<td><\/td>\n<td>Besides mercury, Idrija\u2019s reputation spread around the globe also due to the famed Idrijan lace. This excellent domestic handcraft, which in many cases exceeded the level of mere dexterous handiwork and passed in to the area of veritable visual creativity and ornamentation, boasts a 300 \u2013 year \u2013 long tradition in Idrija. Lace making, which demands a great deal of knowledge, highly skilled hands, and countless hours of patience work, is becoming ever more appreciated both at home and throughout the world.<\/td>\n<\/tr>\n<\/tbody>\n<\/table>\n<\/td>\n<td width=\"20%\">\u00a0<img decoding=\"async\" class=\"aligncenter wp-image-432 size-full\" title=\"handmade lace\" src=\"http:\/\/alisalingerie.com\/wp-content\/uploads\/2017\/01\/exclusiv.jpg\" alt=\"handmade lace\" width=\"145\" height=\"300\" \/><\/p>\n<p><img decoding=\"async\" class=\"aligncenter wp-image-431 size-full\" src=\"http:\/\/alisalingerie.com\/wp-content\/uploads\/2017\/01\/osoli1.jpg\" alt=\"idrian lace\" width=\"150\" height=\"150\" \/><\/td>\n<td width=\"30%\">\u00a0<img fetchpriority=\"high\" decoding=\"async\" class=\"aligncenter wp-image-433 size-full\" src=\"http:\/\/alisalingerie.com\/wp-content\/uploads\/2017\/01\/sketch_handmade_lace.png\" alt=\"sketch handmade lace\" width=\"212\" height=\"400\" \/><\/td>\n<\/tr>\n<\/tbody>\n<\/table>\n<p>&nbsp;<\/p>\n","protected":false},"excerpt":{"rendered":"<p>Lingerie mit handgefertigten Idrian Lace Die grundlegende Inspiration f\u00fcr die Unterw\u00e4sche-Kollektion ist die Liebe\u2026Eine Lebenskraft, die die Welt bewegt\u2026 Leidenschaft, Vitalit\u00e4t, Blick in die Zukunft, Rot vom Cinnabarit, was fr\u00fcher [&hellip;]<\/p>\n","protected":false},"author":1,"featured_media":0,"parent":0,"menu_order":0,"comment_status":"closed","ping_status":"closed","template":"page-left-sidebar.php","meta":{"footnotes":""},"class_list":["post-204","page","type-page","status-publish","hentry"],"_links":{"self":[{"href":"https:\/\/alisalingerie.com\/de\/wp-json\/wp\/v2\/pages\/204","targetHints":{"allow":["GET"]}}],"collection":[{"href":"https:\/\/alisalingerie.com\/de\/wp-json\/wp\/v2\/pages"}],"about":[{"href":"https:\/\/alisalingerie.com\/de\/wp-json\/wp\/v2\/types\/page"}],"author":[{"embeddable":true,"href":"https:\/\/alisalingerie.com\/de\/wp-json\/wp\/v2\/users\/1"}],"replies":[{"embeddable":true,"href":"https:\/\/alisalingerie.com\/de\/wp-json\/wp\/v2\/comments?post=204"}],"version-history":[{"count":3,"href":"https:\/\/alisalingerie.com\/de\/wp-json\/wp\/v2\/pages\/204\/revisions"}],"predecessor-version":[{"id":408,"href":"https:\/\/alisalingerie.com\/de\/wp-json\/wp\/v2\/pages\/204\/revisions\/408"}],"wp:attachment":[{"href":"https:\/\/alisalingerie.com\/de\/wp-json\/wp\/v2\/media?parent=204"}],"curies":[{"name":"wp","href":"https:\/\/api.w.org\/{rel}","templated":true}]}}