{"id":195,"date":"2017-01-17T19:04:45","date_gmt":"2017-01-17T19:04:45","guid":{"rendered":"http:\/\/alisalingerie.com\/?page_id=195"},"modified":"2017-02-27T04:53:04","modified_gmt":"2017-02-27T04:53:04","slug":"stillen","status":"publish","type":"page","link":"https:\/\/alisalingerie.com\/de\/stillen\/","title":{"rendered":"Stillen"},"content":{"rendered":"<table border=\"0\" width=\"100%\">\n<tbody>\n<tr>\n<td width=\"50%\">\n<div class=\"smPagesParagraph\">W\u00e4hrend der Stillzeit sind die Br\u00fcste noch empfindlicher, deshalb ist es sehr wichtig, dass Sie einen bequemen B\u00fcstenhalter tragen. Weil sich die Brustform \u00e4ndert, m\u00fcssen die K\u00f6rbchen weich und elastisch sein um sich stets den Br\u00fcsten anzupassen, gleichzeitig aber genug St\u00fctze zu geben und nicht zu beengen. Der B\u00fcstenhalter am besten nur zwei bis drei Wochen vor dem eigentlichen Geburtstermin zu kaufen. Die B\u00fcstenhalter werden aus Materialien nach spitzenm\u00e4\u00dfigen OEKO-TEX-Standards hergestellt.<br \/>\nStill-B\u00fcstenhalter Gr\u00f6\u00dfe: 75 &#8211; 100, K\u00f6rbchen: A, B, C, D, E, F, G<br \/>\nStillshirt Gr\u00f6\u00dfe: 38 &#8211; 50<br \/>\nNachgeburtsh\u00f6schen Gr\u00f6\u00dfe:: 36 \u2013 50<\/p>\n<\/div>\n<\/td>\n<td width=\"20%\">\u00a0<img fetchpriority=\"high\" decoding=\"async\" class=\"aligncenter wp-image-415 size-full\" src=\"http:\/\/alisalingerie.com\/wp-content\/uploads\/2017\/01\/dojenje11.jpg\" alt=\"breastfeeding\" width=\"200\" height=\"300\" \/><\/td>\n<td width=\"30%\">\u00a0<img decoding=\"async\" class=\"aligncenter wp-image-417 size-full\" title=\"sketch breastfeeding\" src=\"http:\/\/alisalingerie.com\/wp-content\/uploads\/2017\/01\/sketch_breastfeeding.png\" alt=\"sketch breastfeeding\" width=\"234\" height=\"400\" \/><\/td>\n<\/tr>\n<\/tbody>\n<\/table>\n<p>&nbsp;<\/p>\n","protected":false},"excerpt":{"rendered":"<p>W\u00e4hrend der Stillzeit sind die Br\u00fcste noch empfindlicher, deshalb ist es sehr wichtig, dass Sie einen bequemen B\u00fcstenhalter tragen. Weil sich die Brustform \u00e4ndert, m\u00fcssen die K\u00f6rbchen weich und elastisch [&hellip;]<\/p>\n","protected":false},"author":1,"featured_media":0,"parent":0,"menu_order":0,"comment_status":"closed","ping_status":"closed","template":"page-left-sidebar.php","meta":{"footnotes":""},"class_list":["post-195","page","type-page","status-publish","hentry"],"_links":{"self":[{"href":"https:\/\/alisalingerie.com\/de\/wp-json\/wp\/v2\/pages\/195","targetHints":{"allow":["GET"]}}],"collection":[{"href":"https:\/\/alisalingerie.com\/de\/wp-json\/wp\/v2\/pages"}],"about":[{"href":"https:\/\/alisalingerie.com\/de\/wp-json\/wp\/v2\/types\/page"}],"author":[{"embeddable":true,"href":"https:\/\/alisalingerie.com\/de\/wp-json\/wp\/v2\/users\/1"}],"replies":[{"embeddable":true,"href":"https:\/\/alisalingerie.com\/de\/wp-json\/wp\/v2\/comments?post=195"}],"version-history":[{"count":3,"href":"https:\/\/alisalingerie.com\/de\/wp-json\/wp\/v2\/pages\/195\/revisions"}],"predecessor-version":[{"id":442,"href":"https:\/\/alisalingerie.com\/de\/wp-json\/wp\/v2\/pages\/195\/revisions\/442"}],"wp:attachment":[{"href":"https:\/\/alisalingerie.com\/de\/wp-json\/wp\/v2\/media?parent=195"}],"curies":[{"name":"wp","href":"https:\/\/api.w.org\/{rel}","templated":true}]}}