{"id":133,"date":"2017-01-16T19:27:54","date_gmt":"2017-01-16T19:27:54","guid":{"rendered":"http:\/\/alisalingerie.com\/?page_id=133"},"modified":"2017-02-27T04:55:39","modified_gmt":"2017-02-27T04:55:39","slug":"stoma","status":"publish","type":"page","link":"https:\/\/alisalingerie.com\/de\/stoma\/","title":{"rendered":"Stoma"},"content":{"rendered":"<table border=\"0\" width=\"100%\">\n<tbody>\n<tr>\n<td width=\"50%\">20 Jahre Erfahrungen bei der Anfertigung der Unterw\u00e4sche erm\u00f6glicht uns eine Anfertigung vollendeten Unterw\u00e4sche-Kollektionen f\u00fcr besondere Zwecke.<\/p>\n<p>Die Modelle sind f\u00fcr Menschen mit Stoma angepasst, sind ein wenig h\u00f6her und mit einem kleinen T\u00e4schchen f\u00fcr den Beutel ausgestattet. Das T\u00e4schchen verhindert die Ber\u00fchrung des Beutels mit der Haut und damit auch die Hautentz\u00fcndungen, die unter dem Beutel entstehen. Die Kollektion umfasst klassische Modelle f\u00fcr den t\u00e4glichen Gebrauch, sowie raffinierte mit Spitzen, die auf eine diskrete Art den Beutel bei intimen Momenten einfach verbergen.<\/p>\n<div class=\"smPagesParagraph\"><\/div>\n<\/td>\n<td width=\"20%\">\u00a0<img fetchpriority=\"high\" decoding=\"async\" class=\"aligncenter wp-image-407 size-full\" src=\"http:\/\/alisalingerie.com\/wp-content\/uploads\/2017\/01\/sibil_slavi.jpg\" width=\"200\" height=\"300\" \/><\/td>\n<td width=\"30%\">\u00a0<img decoding=\"async\" class=\"aligncenter wp-image-427 size-full\" title=\"sketch ostomy\" src=\"http:\/\/alisalingerie.com\/wp-content\/uploads\/2017\/01\/scetch_ostomy_1.png\" alt=\"sketch ostomy\" width=\"176\" height=\"400\" \/><\/td>\n<\/tr>\n<\/tbody>\n<\/table>\n<p>&nbsp;<\/p>\n","protected":false},"excerpt":{"rendered":"<p>20 Jahre Erfahrungen bei der Anfertigung der Unterw\u00e4sche erm\u00f6glicht uns eine Anfertigung vollendeten Unterw\u00e4sche-Kollektionen f\u00fcr besondere Zwecke. Die Modelle sind f\u00fcr Menschen mit Stoma angepasst, sind ein wenig h\u00f6her und [&hellip;]<\/p>\n","protected":false},"author":1,"featured_media":0,"parent":0,"menu_order":0,"comment_status":"closed","ping_status":"closed","template":"page-left-sidebar.php","meta":{"footnotes":""},"class_list":["post-133","page","type-page","status-publish","hentry"],"_links":{"self":[{"href":"https:\/\/alisalingerie.com\/de\/wp-json\/wp\/v2\/pages\/133","targetHints":{"allow":["GET"]}}],"collection":[{"href":"https:\/\/alisalingerie.com\/de\/wp-json\/wp\/v2\/pages"}],"about":[{"href":"https:\/\/alisalingerie.com\/de\/wp-json\/wp\/v2\/types\/page"}],"author":[{"embeddable":true,"href":"https:\/\/alisalingerie.com\/de\/wp-json\/wp\/v2\/users\/1"}],"replies":[{"embeddable":true,"href":"https:\/\/alisalingerie.com\/de\/wp-json\/wp\/v2\/comments?post=133"}],"version-history":[{"count":2,"href":"https:\/\/alisalingerie.com\/de\/wp-json\/wp\/v2\/pages\/133\/revisions"}],"predecessor-version":[{"id":410,"href":"https:\/\/alisalingerie.com\/de\/wp-json\/wp\/v2\/pages\/133\/revisions\/410"}],"wp:attachment":[{"href":"https:\/\/alisalingerie.com\/de\/wp-json\/wp\/v2\/media?parent=133"}],"curies":[{"name":"wp","href":"https:\/\/api.w.org\/{rel}","templated":true}]}}